{"id":569,"date":"2025-10-21T19:33:11","date_gmt":"2025-10-21T19:33:11","guid":{"rendered":"https:\/\/shaimexico.com\/wp\/272\/?page_id=569"},"modified":"2025-10-21T19:37:08","modified_gmt":"2025-10-21T19:37:08","slug":"aviso-de-privacidad","status":"publish","type":"page","link":"https:\/\/nomadus.travel\/en\/aviso-de-privacidad\/","title":{"rendered":"Aviso de privacidad"},"content":{"rendered":"<p><div class=\"fusion-fullwidth fullwidth-box fusion-builder-row-1 fusion-flex-container has-pattern-background has-mask-background nonhundred-percent-fullwidth non-hundred-percent-height-scrolling\" style=\"--awb-border-radius-top-left:0px;--awb-border-radius-top-right:0px;--awb-border-radius-bottom-right:0px;--awb-border-radius-bottom-left:0px;--awb-background-color:#000000;--awb-flex-wrap:wrap;\" ><div class=\"fusion-builder-row fusion-row fusion-flex-align-items-flex-start fusion-flex-content-wrap\" style=\"max-width:1248px;margin-left: calc(-4% \/ 2 );margin-right: calc(-4% \/ 2 );\"><div class=\"fusion-layout-column fusion_builder_column fusion-builder-column-0 fusion_builder_column_1_1 1_1 fusion-flex-column\" style=\"--awb-bg-size:cover;--awb-width-large:100%;--awb-margin-top-large:0px;--awb-spacing-right-large:1.92%;--awb-margin-bottom-large:20px;--awb-spacing-left-large:1.92%;--awb-width-medium:100%;--awb-order-medium:0;--awb-spacing-right-medium:1.92%;--awb-spacing-left-medium:1.92%;--awb-width-small:100%;--awb-order-small:0;--awb-spacing-right-small:1.92%;--awb-spacing-left-small:1.92%;\"><div class=\"fusion-column-wrapper fusion-column-has-shadow fusion-flex-justify-content-flex-start fusion-content-layout-column\"><div class=\"fusion-separator fusion-full-width-sep\" style=\"align-self: center;margin-left: auto;margin-right: auto;margin-top:100px;width:100%;\"><\/div><\/div><\/div><\/div><\/div><div class=\"fusion-fullwidth fullwidth-box fusion-builder-row-2 fusion-flex-container has-pattern-background has-mask-background nonhundred-percent-fullwidth non-hundred-percent-height-scrolling\" style=\"--awb-border-radius-top-left:0px;--awb-border-radius-top-right:0px;--awb-border-radius-bottom-right:0px;--awb-border-radius-bottom-left:0px;--awb-flex-wrap:wrap;\" ><div class=\"fusion-builder-row fusion-row fusion-flex-align-items-flex-start fusion-flex-content-wrap\" style=\"max-width:1248px;margin-left: calc(-4% \/ 2 );margin-right: calc(-4% \/ 2 );\"><div class=\"fusion-layout-column fusion_builder_column fusion-builder-column-1 fusion_builder_column_1_1 1_1 fusion-flex-column\" style=\"--awb-bg-size:cover;--awb-width-large:100%;--awb-margin-top-large:0px;--awb-spacing-right-large:1.92%;--awb-margin-bottom-large:20px;--awb-spacing-left-large:1.92%;--awb-width-medium:100%;--awb-order-medium:0;--awb-spacing-right-medium:1.92%;--awb-spacing-left-medium:1.92%;--awb-width-small:100%;--awb-order-small:0;--awb-spacing-right-small:1.92%;--awb-spacing-left-small:1.92%;\"><div class=\"fusion-column-wrapper fusion-column-has-shadow fusion-flex-justify-content-flex-start fusion-content-layout-column\"><div class=\"fusion-title title fusion-title-1 fusion-sep-none fusion-title-text fusion-title-size-one\"><h1 class=\"fusion-title-heading title-heading-left\" style=\"margin:0;\"><h1>Aviso de privacidad<\/h1><\/h1><\/div><div class=\"fusion-text fusion-text-1\"><p><strong>Nomadus Travel hace de su conocimiento los t\u00e9rminos y condiciones del trato de los datos personales.<\/strong><\/p>\n<p><strong>Autorizaci\u00f3n para el tratamiento de la informaci\u00f3n<\/strong><\/p>\n<p>Al consentir estos t\u00e9rminos, el Titular de la informaci\u00f3n autoriza a Nomadus Travel \u00a0a recabar y tratar sus datos personales (por ejemplo nombre, domicilio, tel\u00e9fonos, correo electr\u00f3nico, copias de identificaciones y\/o documentos oficiales, informaci\u00f3n crediticia y\/o financiera, datos bancarios, datos de facturaci\u00f3n, etc.) que por su propia voluntad proporciona de manera oral, escrita, por medios f\u00edsicos, electr\u00f3nicos, electromagn\u00e9ticos, visuales, sonoros o cualquier otro, la cual puede incluir datos personales sensibles como lo son: informaci\u00f3n racial, estado de salud, informaci\u00f3n gen\u00e9tica, creencias, religiosas, pol\u00edticas, morales, preferencias sexuales, etc.<\/p>\n<p>As\u00ed mismo, otorga su autorizaci\u00f3n para que Nomadus Travel pueda tratar, usar, almacenar y\/o transferir sus datos personales (incluyendo datos<br \/>\nsensibles) a terceros, sean nacionales o extranjeros, siempre que los datos sean utilizados para los fines que aqu\u00ed se se\u00f1alan.<\/p>\n<p><strong>Finalidad<\/strong><\/p>\n<p>Los datos personales incluyendo los sensibles, ser\u00e1n utilizados \u00fanicamente para cumplir los fines para los cuales fueron proporcionados por su Titular, como pudiera ser: ingresar al padr\u00f3n de proveedores, ingresar al cat\u00e1logo de clientes, para el cumplimiento de obligaciones derivadas de operaciones mercantiles en las que usted es parte como por ejemplo; contratos de servicios o cualquier \u00edndole relacionada al servicio, registro de cuentas de correo , redes sociales y relacionadas pertinentes a la materia del servicio proporcionado, operaciones financieras, pagos, o bien, para proporcionarle informaci\u00f3n de productos, servicios, promociones, encuestas o avisos que pudieran ser de su<br \/>\ninter\u00e9s.<\/p>\n<p>Protecci\u00f3n de Datos Nomadus Travel cuenta con los medios f\u00edsicos y digitales para proteger y limitar el uso o divulgaci\u00f3n de su informaci\u00f3n y no obtiene ni almacena informaci\u00f3n de ninguna especie mediante cookies, web beacons o similares durante el acceso a su p\u00e1gina web y no utiliza la informaci\u00f3n de los particulares para fines distintos a los relacionados con sus operaciones comerciales y\/o los<br \/>\narriba se\u00f1alados.<\/p>\n<p>Medio para ejercer los derechos relativos a su informaci\u00f3n<\/p>\n<p>El Titular de la Informaci\u00f3n personal podr\u00e1 en cualquier momento ejercer los derechos de acceso, rectificaci\u00f3n, cancelaci\u00f3n u oposici\u00f3n de sus datos<br \/>\n(ARCO), o bien, revocar el consentimiento que nos ha otorgado para el tratamiento de sus datos personales, a fin de que dejemos de hacer uso de los<br \/>\nmismos. Para ello, es necesario que presente una solicitud por escrito dirigida a Nomadus Travel ., en el domicilio aqu\u00ed establecido, debiendo se\u00f1alar en la misma, domicilio y\/o correo electr\u00f3nico para recibir notificaciones, documentos que acrediten su identidad, descripci\u00f3n clara y precisa de los datos personales, el objeto de la solicitud y anexar copia de los documentos o elementos en que sustente su petici\u00f3n. Nomadus Travel .comunicar\u00e1 la respuesta en un plazo de 20 d\u00edas contados a partir de la recepci\u00f3n de la solicitud y la respuesta se notificar\u00e1 al Titular por el medio se\u00f1alado en la misma.<\/p>\n<p>Modificaciones<\/p>\n<p>Cualquier modificaci\u00f3n a los t\u00e9rminos del Aviso de Privacidad se dar\u00e1 a conocer por medio del portal www.ejemplo.com y al no presentar oposici\u00f3n alguna dentro del t\u00e9rmino de 5 d\u00edas posteriores a la modificaci\u00f3n, se entiende que el titular de la informaci\u00f3n consiente y est\u00e1 de acuerdo con los nuevos t\u00e9rminos.<\/p>\n<p>Consentimiento<\/p>\n<p>Al proporcionar informaci\u00f3n personal y sensible de manera f\u00edsica, electr\u00f3nica o por cualquier medio, usted declara que ha le\u00eddo el presente Aviso de Privacidad y entiende el alcance y contenido del mismo, y al no manifestar oposici\u00f3n por escrito ante la empresa referida, expresa su entera conformidad con los t\u00e9rminos y autorizaciones aqu\u00ed contenidas. Si Usted no est\u00e1 de acuerdo con los t\u00e9rminos se\u00f1alados en este aviso, no ingrese ni proporcione sus datos personales por ning\u00fan medio.<\/p>\n<p>Contacto<\/p>\n<p>Nomadus Travel. se\u00f1ala como domicilio para efectos de este aviso el ubicado en Ingenieros Navales 113, Cuajimalpa de Morelos, M\u00e9xico D.F, C.P.<br \/>\n05129.<\/p>\n<p>Contacto: Atenci\u00f3n a clientes, \u00c1rea de Administraci\u00f3n y Trato de Datos<br \/>\npersonales<br \/>\nTel: &#8212;&#8212;-<br \/>\nEmail: NOMADUS.TRAVEL@GMAIL.COM<br \/>\nGerencia@nomadustravel.com<\/p>\n<\/div><\/div><\/div><\/div><\/div><\/p>","protected":false},"excerpt":{"rendered":"","protected":false},"author":1,"featured_media":0,"parent":0,"menu_order":0,"comment_status":"closed","ping_status":"closed","template":"100-width.php","meta":{"footnotes":""},"class_list":["post-569","page","type-page","status-publish","hentry"],"_links":{"self":[{"href":"https:\/\/nomadus.travel\/en\/wp-json\/wp\/v2\/pages\/569","targetHints":{"allow":["GET"]}}],"collection":[{"href":"https:\/\/nomadus.travel\/en\/wp-json\/wp\/v2\/pages"}],"about":[{"href":"https:\/\/nomadus.travel\/en\/wp-json\/wp\/v2\/types\/page"}],"author":[{"embeddable":true,"href":"https:\/\/nomadus.travel\/en\/wp-json\/wp\/v2\/users\/1"}],"replies":[{"embeddable":true,"href":"https:\/\/nomadus.travel\/en\/wp-json\/wp\/v2\/comments?post=569"}],"version-history":[{"count":4,"href":"https:\/\/nomadus.travel\/en\/wp-json\/wp\/v2\/pages\/569\/revisions"}],"predecessor-version":[{"id":573,"href":"https:\/\/nomadus.travel\/en\/wp-json\/wp\/v2\/pages\/569\/revisions\/573"}],"wp:attachment":[{"href":"https:\/\/nomadus.travel\/en\/wp-json\/wp\/v2\/media?parent=569"}],"curies":[{"name":"wp","href":"https:\/\/api.w.org\/{rel}","templated":true}]}}