{"id":298,"date":"2025-10-08T22:45:56","date_gmt":"2025-10-08T22:45:56","guid":{"rendered":"https:\/\/shaimexico.com\/wp\/272\/?page_id=298"},"modified":"2025-10-08T22:45:56","modified_gmt":"2025-10-08T22:45:56","slug":"puebla","status":"publish","type":"page","link":"https:\/\/nomadus.travel\/en\/puebla\/","title":{"rendered":"PUEBLA"},"content":{"rendered":"<p><div class=\"fusion-fullwidth fullwidth-box fusion-builder-row-1 fusion-flex-container has-pattern-background has-mask-background nonhundred-percent-fullwidth non-hundred-percent-height-scrolling\" style=\"--awb-border-radius-top-left:0px;--awb-border-radius-top-right:0px;--awb-border-radius-bottom-right:0px;--awb-border-radius-bottom-left:0px;--awb-background-color:#000000;--awb-flex-wrap:wrap;\" ><div class=\"fusion-builder-row fusion-row fusion-flex-align-items-flex-start fusion-flex-content-wrap\" style=\"max-width:1248px;margin-left: calc(-4% \/ 2 );margin-right: calc(-4% \/ 2 );\"><div class=\"fusion-layout-column fusion_builder_column fusion-builder-column-0 fusion_builder_column_1_1 1_1 fusion-flex-column\" style=\"--awb-padding-top:-50px;--awb-bg-image:url(&#039;https:\/\/nomadus.travel\/wp-content\/uploads\/2025\/09\/NOMADUS-TRAVEL-01-BANNER-007.png&#039;);--awb-bg-size:cover;--awb-width-large:100%;--awb-margin-top-large:0px;--awb-spacing-right-large:1.92%;--awb-margin-bottom-large:20px;--awb-spacing-left-large:1.92%;--awb-width-medium:100%;--awb-order-medium:0;--awb-spacing-right-medium:1.92%;--awb-spacing-left-medium:1.92%;--awb-width-small:100%;--awb-order-small:0;--awb-spacing-right-small:1.92%;--awb-spacing-left-small:1.92%;\" data-scroll-devices=\"small-visibility,medium-visibility,large-visibility\"><div class=\"fusion-column-wrapper fusion-column-has-shadow fusion-flex-justify-content-flex-start fusion-content-layout-column fusion-column-has-bg-image\" data-bg-url=\"https:\/\/nomadus.travel\/wp-content\/uploads\/2025\/09\/NOMADUS-TRAVEL-01-BANNER-007.png\"><div class=\"fusion-separator fusion-full-width-sep\" style=\"align-self: center;margin-left: auto;margin-right: auto;margin-top:100px;width:100%;\"><\/div><\/div><\/div><\/div><\/div><div class=\"fusion-fullwidth fullwidth-box fusion-builder-row-2 fusion-flex-container has-pattern-background has-mask-background nonhundred-percent-fullwidth non-hundred-percent-height-scrolling\" style=\"--awb-border-radius-top-left:0px;--awb-border-radius-top-right:0px;--awb-border-radius-bottom-right:0px;--awb-border-radius-bottom-left:0px;--awb-margin-top:0px;--awb-flex-wrap:wrap;\" ><div class=\"fusion-builder-row fusion-row fusion-flex-align-items-flex-start fusion-flex-content-wrap\" style=\"max-width:1248px;margin-left: calc(-4% \/ 2 );margin-right: calc(-4% \/ 2 );\"><div class=\"fusion-layout-column fusion_builder_column fusion-builder-column-1 fusion_builder_column_1_1 1_1 fusion-flex-column\" style=\"--awb-padding-top:-50px;--awb-bg-image:linear-gradient(180deg, rgba(255,255,255,0.54) 0%,rgba(255,255,255,0.9) 100%),url(https:\/\/nomadus.travel\/wp-content\/uploads\/2025\/09\/NOMADUS-TRAVEL-01-BANNER-007.png);;--awb-bg-size:cover;--awb-width-large:100%;--awb-margin-top-large:0px;--awb-spacing-right-large:1.92%;--awb-margin-bottom-large:20px;--awb-spacing-left-large:1.92%;--awb-width-medium:100%;--awb-order-medium:0;--awb-spacing-right-medium:1.92%;--awb-spacing-left-medium:1.92%;--awb-width-small:100%;--awb-order-small:0;--awb-spacing-right-small:1.92%;--awb-spacing-left-small:1.92%;\" data-scroll-devices=\"small-visibility,medium-visibility,large-visibility\"><div class=\"fusion-column-wrapper fusion-column-has-shadow fusion-flex-justify-content-flex-start fusion-content-layout-column fusion-column-has-bg-image\" data-bg-url=\"https:\/\/nomadus.travel\/wp-content\/uploads\/2025\/09\/NOMADUS-TRAVEL-01-BANNER-007.png\">\n\t\t\t\t<p class=\"rs-p-wp-fix\"><\/p>\n\t\t\t\t<sr7-module data-alias=\"OAXACA\" data-id=\"11\" id=\"SR7_11_1\" class=\"rs-ov-hidden\" data-version=\"6.7.13\">\n\t\t\t\t\t<sr7-adjuster><\/sr7-adjuster>\n\t\t\t\t\t<sr7-content>\n\t\t\t\t\t\t<sr7-slide id=\"SR7_11_1-41\" data-key=\"41\">\n\t\t\t\t\t\t\t<sr7-bg id=\"SR7_11_1-41-3\" class=\"sr7-layer\"><noscript><img decoding=\"async\" src=\"https:\/\/nomadus.travel\/wp-content\/uploads\/2025\/10\/OAXACA-01.jpg\" alt=\"\" title=\"OAXACA-01\"><\/noscript><\/sr7-bg>\n\t\t\t\t\t\t\t<sr7-txt id=\"SR7_11_1-41-2\" class=\"sr7-layer\">TU DESTINO IDEAL EST\u00c1 A UN SOLO CLIC,<\/sr7-txt>\n\t\t\t\t\t\t<\/sr7-slide>\n\t\t\t\t\t\t<sr7-slide id=\"SR7_11_1-43\" data-key=\"43\">\n\t\t\t\t\t\t<\/sr7-slide>\n\t\t\t\t\t<\/sr7-content>\n\t\t\t\t\t<image_lists style=\"display:none\">\n\t\t\t\t\t\t<img data-src=\"\/\/nomadus.travel\/wp-content\/uploads\/2025\/10\/OAXACA-01.jpg\" data-libid=\"294\" data-lib=\"medialibrary\" title=\"OAXACA-01\" width=\"0\" height=\"0\" data-dbsrc=\"Ly9ub21hZHVzLnRyYXZlbC93cC1jb250ZW50L3VwbG9hZHMvMjAyNS8xMC9PQVhBQ0EtMDEuanBn\"\/>\n\t\t\t\t\t<\/image_lists>\n\t\t\t\t<\/sr7-module>\n\t\t\t\t<script>\n\t\t\t\t\tSR7.PMH ??={}; SR7.PMH[\"SR7_11_1\"] = {cn:0,state:false,fn: function() { if (_tpt!==undefined && _tpt.prepareModuleHeight !== undefined) {  _tpt.prepareModuleHeight({id:\"SR7_11_1\",el:[350,350,768,960,720],type:'standard',shdw:'0',gh:[350,350,224,170,105],gw:[1600,1600,1024,778,480],vpt:['100px'],size:{fullWidth:true, fullHeight:false},mh:'0',onh:0,onw:0,bg:{color:'{\"orig\":\"transparent\",\"type\":\"solid\",\"string\":\"transparent\"}'},plType:'1',plColor:'#007aff'});   SR7.PMH[\"SR7_11_1\"].state=true;} else if((SR7.PMH[\"SR7_11_1\"].cn++)<100)\tsetTimeout( SR7.PMH[\"SR7_11_1\"].fn,19);}};SR7.PMH[\"SR7_11_1\" ].fn();\n\t\t\t\t<\/script>\n<div class=\"fusion-separator fusion-full-width-sep\" style=\"align-self: center;margin-left: auto;margin-right: auto;margin-top:50px;width:100%;\"><\/div><\/div><\/div><\/div><\/div><div class=\"fusion-fullwidth fullwidth-box fusion-builder-row-3 fusion-flex-container has-pattern-background has-mask-background nonhundred-percent-fullwidth non-hundred-percent-height-scrolling\" style=\"--awb-border-radius-top-left:0px;--awb-border-radius-top-right:0px;--awb-border-radius-bottom-right:0px;--awb-border-radius-bottom-left:0px;--awb-margin-top:0px;--awb-flex-wrap:wrap;\" ><div class=\"fusion-builder-row fusion-row fusion-flex-align-items-flex-start fusion-flex-content-wrap\" style=\"max-width:1248px;margin-left: calc(-4% \/ 2 );margin-right: calc(-4% \/ 2 );\"><div class=\"fusion-layout-column fusion_builder_column fusion-builder-column-2 fusion_builder_column_1_1 1_1 fusion-flex-column\" style=\"--awb-padding-top:-50px;--awb-bg-image:linear-gradient(180deg, rgba(255,255,255,0.54) 0%,rgba(255,255,255,0.9) 100%),url(https:\/\/nomadus.travel\/wp-content\/uploads\/2025\/09\/NOMADUS-TRAVEL-01-BANNER-007.png);;--awb-bg-size:cover;--awb-width-large:100%;--awb-margin-top-large:0px;--awb-spacing-right-large:1.92%;--awb-margin-bottom-large:20px;--awb-spacing-left-large:1.92%;--awb-width-medium:100%;--awb-order-medium:0;--awb-spacing-right-medium:1.92%;--awb-spacing-left-medium:1.92%;--awb-width-small:100%;--awb-order-small:0;--awb-spacing-right-small:1.92%;--awb-spacing-left-small:1.92%;\" data-scroll-devices=\"small-visibility,medium-visibility,large-visibility\"><div class=\"fusion-column-wrapper fusion-column-has-shadow fusion-flex-justify-content-flex-start fusion-content-layout-column fusion-column-has-bg-image\" data-bg-url=\"https:\/\/nomadus.travel\/wp-content\/uploads\/2025\/09\/NOMADUS-TRAVEL-01-BANNER-007.png\"><div class=\"fusion-text fusion-text-1 fusion-text-no-margin\" style=\"--awb-font-size:30px;--awb-margin-bottom:20px;--awb-text-font-family:&quot;Barlow&quot;;--awb-text-font-style:normal;--awb-text-font-weight:300;\"><p style=\"text-align: center;\">Nuestros viaje a<\/p>\n<\/div><div class=\"fusion-title title fusion-title-1 fusion-sep-none fusion-title-text fusion-title-size-one\" style=\"--awb-margin-top:-50px;\"><h1 class=\"fusion-title-heading title-heading-left\" style=\"margin:0;\"><h1 style=\"text-align: center;\">OAXACA<\/h1><\/h1><\/div><div style=\"text-align:center;\"><a class=\"fusion-button button-flat button-large button-default fusion-button-default button-1 fusion-button-default-span fusion-button-default-type\" target=\"_self\" href=\"https:\/\/nomadus.travel\/contacto\"><span class=\"fusion-button-text\">Reservar tu pr\u00f3ximo viaje<\/span><\/a><\/div><div class=\"fusion-separator fusion-full-width-sep\" style=\"align-self: center;margin-left: auto;margin-right: auto;margin-top:50px;width:100%;\"><\/div><div class=\"awb-gallery-wrapper awb-gallery-wrapper-1 button-span-no\" style=\"--more-btn-alignment:center;\"><div style=\"margin:-5px;--awb-bordersize:0px;\" class=\"fusion-gallery fusion-gallery-container fusion-grid-3 fusion-columns-total-4 fusion-gallery-layout-grid fusion-gallery-1\"><div style=\"padding:5px;\" class=\"fusion-grid-column fusion-gallery-column fusion-gallery-column-3 hover-type-none\"><div class=\"fusion-gallery-image\"><a href=\"https:\/\/nomadus.travel\/wp-content\/uploads\/2025\/10\/OAXACA-02.png\" rel=\"noreferrer\" data-rel=\"iLightbox[gallery_image_1]\" class=\"fusion-lightbox\" target=\"_self\"><img decoding=\"async\" src=\"https:\/\/nomadus.travel\/wp-content\/uploads\/2025\/10\/OAXACA-02.png\" width=\"1000\" height=\"1000\" alt=\"\" title=\"OAXACA-02\" aria-label=\"OAXACA-02\" class=\"img-responsive wp-image-293\" srcset=\"https:\/\/nomadus.travel\/wp-content\/uploads\/2025\/10\/OAXACA-02-200x200.png 200w, https:\/\/nomadus.travel\/wp-content\/uploads\/2025\/10\/OAXACA-02-400x400.png 400w, https:\/\/nomadus.travel\/wp-content\/uploads\/2025\/10\/OAXACA-02-600x600.png 600w, https:\/\/nomadus.travel\/wp-content\/uploads\/2025\/10\/OAXACA-02-800x800.png 800w, https:\/\/nomadus.travel\/wp-content\/uploads\/2025\/10\/OAXACA-02.png 1000w\" sizes=\"(min-width: 2200px) 100vw, (min-width: 784px) 397px, (min-width: 712px) 595px, (min-width: 640px) 712px, \" \/><\/a><\/div><\/div><div style=\"padding:5px;\" class=\"fusion-grid-column fusion-gallery-column fusion-gallery-column-3 hover-type-none\"><div class=\"fusion-gallery-image\"><a href=\"https:\/\/nomadus.travel\/wp-content\/uploads\/2025\/10\/OAXACA-03.png\" rel=\"noreferrer\" data-rel=\"iLightbox[gallery_image_1]\" class=\"fusion-lightbox\" target=\"_self\"><img decoding=\"async\" src=\"https:\/\/nomadus.travel\/wp-content\/uploads\/2025\/10\/OAXACA-03.png\" width=\"1000\" height=\"1000\" alt=\"\" title=\"OAXACA-03\" aria-label=\"OAXACA-03\" class=\"img-responsive wp-image-292\" srcset=\"https:\/\/nomadus.travel\/wp-content\/uploads\/2025\/10\/OAXACA-03-200x200.png 200w, https:\/\/nomadus.travel\/wp-content\/uploads\/2025\/10\/OAXACA-03-400x400.png 400w, https:\/\/nomadus.travel\/wp-content\/uploads\/2025\/10\/OAXACA-03-600x600.png 600w, https:\/\/nomadus.travel\/wp-content\/uploads\/2025\/10\/OAXACA-03-800x800.png 800w, https:\/\/nomadus.travel\/wp-content\/uploads\/2025\/10\/OAXACA-03.png 1000w\" sizes=\"(min-width: 2200px) 100vw, (min-width: 784px) 397px, (min-width: 712px) 595px, (min-width: 640px) 712px, \" \/><\/a><\/div><\/div><div style=\"padding:5px;\" class=\"fusion-grid-column fusion-gallery-column fusion-gallery-column-3 hover-type-none\"><div class=\"fusion-gallery-image\"><a href=\"https:\/\/nomadus.travel\/wp-content\/uploads\/2025\/10\/OAXACA-04.png\" rel=\"noreferrer\" data-rel=\"iLightbox[gallery_image_1]\" class=\"fusion-lightbox\" target=\"_self\"><img decoding=\"async\" src=\"https:\/\/nomadus.travel\/wp-content\/uploads\/2025\/10\/OAXACA-04.png\" width=\"1000\" height=\"1000\" alt=\"\" title=\"OAXACA-04\" aria-label=\"OAXACA-04\" class=\"img-responsive wp-image-291\" srcset=\"https:\/\/nomadus.travel\/wp-content\/uploads\/2025\/10\/OAXACA-04-200x200.png 200w, https:\/\/nomadus.travel\/wp-content\/uploads\/2025\/10\/OAXACA-04-400x400.png 400w, https:\/\/nomadus.travel\/wp-content\/uploads\/2025\/10\/OAXACA-04-600x600.png 600w, https:\/\/nomadus.travel\/wp-content\/uploads\/2025\/10\/OAXACA-04-800x800.png 800w, https:\/\/nomadus.travel\/wp-content\/uploads\/2025\/10\/OAXACA-04.png 1000w\" sizes=\"(min-width: 2200px) 100vw, (min-width: 784px) 397px, (min-width: 712px) 595px, (min-width: 640px) 712px, \" \/><\/a><\/div><\/div><div class=\"clearfix\"><\/div><div style=\"padding:5px;\" class=\"fusion-grid-column fusion-gallery-column fusion-gallery-column-3 hover-type-none\"><div class=\"fusion-gallery-image\"><a href=\"https:\/\/nomadus.travel\/wp-content\/uploads\/2025\/10\/OAXACA-05.png\" rel=\"noreferrer\" data-rel=\"iLightbox[gallery_image_1]\" class=\"fusion-lightbox\" target=\"_self\"><img decoding=\"async\" src=\"https:\/\/nomadus.travel\/wp-content\/uploads\/2025\/10\/OAXACA-05.png\" width=\"1000\" height=\"1000\" alt=\"\" title=\"OAXACA-05\" aria-label=\"OAXACA-05\" class=\"img-responsive wp-image-290\" srcset=\"https:\/\/nomadus.travel\/wp-content\/uploads\/2025\/10\/OAXACA-05-200x200.png 200w, https:\/\/nomadus.travel\/wp-content\/uploads\/2025\/10\/OAXACA-05-400x400.png 400w, https:\/\/nomadus.travel\/wp-content\/uploads\/2025\/10\/OAXACA-05-600x600.png 600w, https:\/\/nomadus.travel\/wp-content\/uploads\/2025\/10\/OAXACA-05-800x800.png 800w, https:\/\/nomadus.travel\/wp-content\/uploads\/2025\/10\/OAXACA-05.png 1000w\" sizes=\"(min-width: 2200px) 100vw, (min-width: 784px) 397px, (min-width: 712px) 595px, (min-width: 640px) 712px, \" \/><\/a><\/div><\/div><\/div><\/div><\/div><\/div><\/div><\/div><div class=\"fusion-fullwidth fullwidth-box fusion-builder-row-4 fusion-flex-container has-pattern-background has-mask-background nonhundred-percent-fullwidth non-hundred-percent-height-scrolling\" style=\"--awb-border-radius-top-left:0px;--awb-border-radius-top-right:0px;--awb-border-radius-bottom-right:0px;--awb-border-radius-bottom-left:0px;--awb-margin-top:0px;--awb-flex-wrap:wrap;\" ><div class=\"fusion-builder-row fusion-row fusion-flex-align-items-flex-start fusion-flex-content-wrap\" style=\"max-width:1248px;margin-left: calc(-4% \/ 2 );margin-right: calc(-4% \/ 2 );\"><div class=\"fusion-layout-column fusion_builder_column fusion-builder-column-3 fusion_builder_column_1_1 1_1 fusion-flex-column\" style=\"--awb-padding-top:-50px;--awb-bg-image:linear-gradient(180deg, rgba(255,255,255,0.54) 0%,rgba(255,255,255,0.9) 100%),url(https:\/\/nomadus.travel\/wp-content\/uploads\/2025\/09\/NOMADUS-TRAVEL-01-BANNER-007.png);;--awb-bg-size:cover;--awb-width-large:100%;--awb-margin-top-large:0px;--awb-spacing-right-large:1.92%;--awb-margin-bottom-large:20px;--awb-spacing-left-large:1.92%;--awb-width-medium:100%;--awb-order-medium:0;--awb-spacing-right-medium:1.92%;--awb-spacing-left-medium:1.92%;--awb-width-small:100%;--awb-order-small:0;--awb-spacing-right-small:1.92%;--awb-spacing-left-small:1.92%;\" data-scroll-devices=\"small-visibility,medium-visibility,large-visibility\"><div class=\"fusion-column-wrapper fusion-column-has-shadow fusion-flex-justify-content-flex-start fusion-content-layout-column fusion-empty-column-bg-image fusion-column-has-bg-image\" data-bg-url=\"https:\/\/nomadus.travel\/wp-content\/uploads\/2025\/09\/NOMADUS-TRAVEL-01-BANNER-007.png\"><img decoding=\"async\" class=\"fusion-empty-dims-img-placeholder fusion-no-large-visibility\" src=\"data:image\/gif;base64,R0lGODlhAQABAAAAACH5BAEKAAEALAAAAAABAAEAAAICTAEAOw==\"><\/div><\/div><div class=\"fusion-layout-column fusion_builder_column fusion-builder-column-4 fusion_builder_column_1_1 1_1 fusion-flex-column\" style=\"--awb-padding-top:-50px;--awb-bg-image:linear-gradient(180deg, rgba(255,255,255,0.54) 0%,rgba(255,255,255,0.9) 100%),url(https:\/\/nomadus.travel\/wp-content\/uploads\/2025\/09\/NOMADUS-TRAVEL-01-BANNER-007.png);;--awb-bg-size:cover;--awb-width-large:100%;--awb-margin-top-large:0px;--awb-spacing-right-large:1.92%;--awb-margin-bottom-large:20px;--awb-spacing-left-large:1.92%;--awb-width-medium:100%;--awb-order-medium:0;--awb-spacing-right-medium:1.92%;--awb-spacing-left-medium:1.92%;--awb-width-small:100%;--awb-order-small:0;--awb-spacing-right-small:1.92%;--awb-spacing-left-small:1.92%;\" data-scroll-devices=\"small-visibility,medium-visibility,large-visibility\"><div class=\"fusion-column-wrapper fusion-column-has-shadow fusion-flex-justify-content-flex-start fusion-content-layout-column fusion-empty-column-bg-image fusion-column-has-bg-image\" data-bg-url=\"https:\/\/nomadus.travel\/wp-content\/uploads\/2025\/09\/NOMADUS-TRAVEL-01-BANNER-007.png\"><img decoding=\"async\" class=\"fusion-empty-dims-img-placeholder fusion-no-large-visibility\" src=\"data:image\/gif;base64,R0lGODlhAQABAAAAACH5BAEKAAEALAAAAAABAAEAAAICTAEAOw==\"><\/div><\/div><\/div><\/div><div class=\"fusion-fullwidth fullwidth-box fusion-builder-row-5 fusion-flex-container has-pattern-background has-mask-background nonhundred-percent-fullwidth non-hundred-percent-height-scrolling\" style=\"--awb-border-radius-top-left:0px;--awb-border-radius-top-right:0px;--awb-border-radius-bottom-right:0px;--awb-border-radius-bottom-left:0px;--awb-flex-wrap:wrap;\" ><div class=\"fusion-builder-row fusion-row fusion-flex-align-items-flex-start fusion-flex-content-wrap\" style=\"max-width:1248px;margin-left: calc(-4% \/ 2 );margin-right: calc(-4% \/ 2 );\"><div class=\"fusion-layout-column fusion_builder_column fusion-builder-column-5 fusion_builder_column_1_1 1_1 fusion-flex-column\" style=\"--awb-bg-size:cover;--awb-width-large:100%;--awb-margin-top-large:0px;--awb-spacing-right-large:1.92%;--awb-margin-bottom-large:20px;--awb-spacing-left-large:1.92%;--awb-width-medium:100%;--awb-order-medium:0;--awb-spacing-right-medium:1.92%;--awb-spacing-left-medium:1.92%;--awb-width-small:100%;--awb-order-small:0;--awb-spacing-right-small:1.92%;--awb-spacing-left-small:1.92%;\"><div class=\"fusion-column-wrapper fusion-column-has-shadow fusion-flex-justify-content-flex-start fusion-content-layout-column\"><div class=\"accordian fusion-accordian\" style=\"--awb-border-size:1px;--awb-icon-size:16px;--awb-content-font-size:var(--awb-typography4-font-size);--awb-icon-alignment:left;--awb-hover-color:var(--awb-color2);--awb-border-color:#000000;--awb-background-color:#ffffff;--awb-divider-color:var(--awb-color3);--awb-divider-hover-color:var(--awb-color3);--awb-icon-color:var(--awb-color1);--awb-title-color:var(--awb-color8);--awb-content-color:var(--awb-color8);--awb-icon-box-color:var(--awb-color8);--awb-toggle-hover-accent-color:#000000;--awb-toggle-active-accent-color:#000000;--awb-title-font-family:var(--awb-typography1-font-family);--awb-title-font-weight:var(--awb-typography1-font-weight);--awb-title-font-style:var(--awb-typography1-font-style);--awb-title-font-size:16px;--awb-content-font-family:var(--awb-typography4-font-family);--awb-content-font-weight:var(--awb-typography4-font-weight);--awb-content-font-style:var(--awb-typography4-font-style);\"><div class=\"panel-group fusion-toggle-icon-boxed\" id=\"accordion-298-1\"><div class=\"fusion-panel panel-default panel-9519ea3dc159974ae fusion-toggle-no-divider fusion-toggle-boxed-mode\" style=\"--awb-title-color:var(--awb-color8);\"><div class=\"panel-heading\"><h3 class=\"panel-title toggle\" id=\"toggle_9519ea3dc159974ae\"><a aria-expanded=\"false\" aria-controls=\"9519ea3dc159974ae\" role=\"button\" data-toggle=\"collapse\" data-parent=\"#accordion-298-1\" data-target=\"#9519ea3dc159974ae\" href=\"#9519ea3dc159974ae\"><span class=\"fusion-toggle-icon-wrapper\" aria-hidden=\"true\"><i class=\"fa-fusion-box active-icon fa-angle-up fas\" aria-hidden=\"true\"><\/i><i class=\"fa-fusion-box inactive-icon fa-angle-down fas\" aria-hidden=\"true\"><\/i><\/span><span class=\"fusion-toggle-heading\">Mayor informafi\u00f3n<\/span><\/a><\/h3><\/div><div id=\"9519ea3dc159974ae\" class=\"panel-collapse collapse \" aria-labelledby=\"toggle_9519ea3dc159974ae\"><div class=\"panel-body toggle-content fusion-clearfix\">\n<h1 class=\"fusion-responsive-typography-calculated\" data-fontsize=\"35\" data-lineheight=\"42px\"><span dir=\"auto\" style=\"vertical-align: inherit;\">NUESTRO VIAJE<\/span><\/h1>\n<h2>Descubre el coraz\u00f3n cultural y trendy de la Ciudad de M\u00e9xico en este recorrido a pie exclusivo para hombres gay. Con arquitectura art d\u00e9co, parques vibrantes, gastronom\u00eda ic\u00f3nica, s\u00edmbolos de libertad y un cierre atrevido en la Zona Rosa, este tour combina lo mejor de la cultura urbana con el ambiente gay-friendly m\u00e1s chic.<\/h2>\n<h1 class=\"fusion-responsive-typography-calculated\" data-fontsize=\"35\" data-lineheight=\"42px\"><span dir=\"auto\" style=\"vertical-align: inherit;\"><span dir=\"auto\" style=\"vertical-align: inherit;\"><span dir=\"auto\" style=\"vertical-align: inherit;\"><span dir=\"auto\" style=\"vertical-align: inherit;\"><span dir=\"auto\" style=\"vertical-align: inherit;\"><span dir=\"auto\" style=\"vertical-align: inherit;\"><span dir=\"auto\" style=\"vertical-align: inherit;\"><span dir=\"auto\" style=\"vertical-align: inherit;\">ITINERARIO<\/span><\/span><\/span><\/span><\/span><\/span><\/span><\/span><\/h1>\n<h3>11:00 \u2013 11:15 horas \u2013 Bienvenida en Casa de T\u00e9 (\u00c1msterdam)<\/h3>\n<ul>\n<li>\n<h2>Nos reuniremos en la ic\u00f3nica esquina de la Condesa para iniciar el tour. El gu\u00eda presentar\u00e1 el itinerario y la esencia chic de la CDMX.<\/h2>\n<\/li>\n<\/ul>\n<h3>11:15 \u2013 11:40 horas \u2013 Paseo por Calle \u00c1msterdam<\/h3>\n<ul>\n<li>\n<h2>Caminata por la avenida m\u00e1s emblem\u00e1tica de la Condesa. Descubriremos arquitectura art d\u00e9co, galer\u00edas y boutiques de dise\u00f1o.<\/h2>\n<\/li>\n<\/ul>\n<h3>11:40 \u2013 12:20 horas \u2013 Parque M\u00e9xico<\/h3>\n<ul>\n<li>\n<h2>Recorrido por el pulm\u00f3n verde de la colonia, con degustaci\u00f3n incluida de antojitos locales (elote, helado o chicharr\u00f3n). Conversaremos sobre su importancia cultural como punto de encuentro LGBT+.<\/h2>\n<\/li>\n<\/ul>\n<h3>12:30 \u2013 13:00 horas \u2013 De Michoac\u00e1n a \u00c1lvaro Obreg\u00f3n<\/h3>\n<ul>\n<li>\n<h2>Caminata hacia la Roma Norte, descubriendo cafeter\u00edas de autor, librer\u00edas y galer\u00edas art\u00edsticas en el trayecto.<\/h2>\n<\/li>\n<\/ul>\n<h3>13:00 \u2013 14:15 horas \u2013 Comida en Taquer\u00eda Orinoco (Roma Norte)<\/h3>\n<ul>\n<li>\n<h2>Disfrutaremos de una parada trendy y deliciosa con orden de tacos y bebida incluida.<\/h2>\n<\/li>\n<\/ul>\n<h3>14:20 \u2013 14:45 horas \u2013 Parque R\u00edo de Janeiro<\/h3>\n<ul>\n<li>\n<h2>Caminata hasta este espacio cultural, con parada frente a la escultura del \u201cDavid\u201d, s\u00edmbolo gay del barrio.<\/h2>\n<\/li>\n<\/ul>\n<h3>14:45 \u2013 15:15 horas \u2013 Glorieta de Insurgentes<\/h3>\n<ul>\n<li>\n<h2>Explicaci\u00f3n del epicentro urbano m\u00e1s din\u00e1mico de la ciudad, lleno de bares y spots LGBT+.<\/h2>\n<\/li>\n<\/ul>\n<h3>15:15 \u2013 15:45 horas \u2013 Paseo por Reforma hasta Diana Cazadora<\/h3>\n<ul>\n<li>\n<h2>Recorrido a pie con explicaci\u00f3n de este monumento como s\u00edmbolo de modernidad y libertad.<\/h2>\n<\/li>\n<\/ul>\n<h3>15:45 \u2013 16:15 horas \u2013 Calle Hamburgo y Barrio Coreano<\/h3>\n<ul>\n<li>\n<h2>Descubrimiento de la gastronom\u00eda coreana y su fusi\u00f3n cultural con la vida nocturna de la zona.<\/h2>\n<\/li>\n<\/ul>\n<h3>16:15 \u2013 17:00 horas \u2013 Experiencia en cabinas privadas<\/h3>\n<ul>\n<li>\n<h2>Acceso incluido a cabinas en tienda para adultos, con opci\u00f3n de interacci\u00f3n y diversi\u00f3n opcional antes del cierre festivo.<\/h2>\n<\/li>\n<\/ul>\n<h3>17:00 \u2013 18:00 horas \u2013 Zona Rosa &amp; Mercado de Artesan\u00edas<\/h3>\n<ul>\n<li>\n<h2>Recorrido final por las calles ic\u00f3nicas G\u00e9nova, Londres y Amberes, con tiempo para compras en el Mercado de Artesan\u00edas y referencias a bares emblem\u00e1ticos como Nicho Bears &amp; Bar, Kinky Bar y Cabaretito. Cierre en un ambiente alegre y cosmopolita.<\/h2>\n<\/li>\n<\/ul>\n<h1>\u00bfQUE INCLUYE?<\/h1>\n<ul>\n<li>\n<h2>Walking tour guiado y estructurado por Condesa, Roma y Zona Rosa.Degustaci\u00f3n de antojitos en Parque M\u00e9xico.<\/h2>\n<h2><\/h2>\n<\/li>\n<li>\n<h2>Orden de tacos y bebida en Orinoco.<\/h2>\n<h2><\/h2>\n<\/li>\n<li>\n<h2>Ingreso a cabinas en tienda para adultos.<\/h2>\n<h2><\/h2>\n<\/li>\n<li>\n<h2>Seguro de viajero.<\/h2>\n<h2><\/h2>\n<\/li>\n<li>\n<h2>Staff especializado y ambiente seguro.<\/h2>\n<h2><\/h2>\n<\/li>\n<li>\n<h2>Experiencia cultural, divertida e interactiva con enfoque gay-friendly.<\/h2>\n<\/li>\n<\/ul>\n<h1>No incluido<\/h1>\n<ul>\n<li>\n<h2>Propinas.<\/h2>\n<\/li>\n<li>\n<h2>Compras personales en el Mercado de Artesan\u00edas.<\/h2>\n<\/li>\n<li>\n<h2>Bebidas adicionales.<\/h2>\n<\/li>\n<\/ul>\n<h3>Idioma<\/h3>\n<h2>El tour se realiza en\u00a0<strong>espa\u00f1ol e ingl\u00e9s<\/strong>.<\/h2>\n<h3>Duraci\u00f3n<\/h3>\n<h2>6 horas aproximadamente.<\/h2>\n<h3>Grupo<\/h3>\n<h2>Exclusivo para hombres gay. Modalidad grupal (m\u00e1x. 12 \u2013 14 personas).<\/h2>\n<h3>Punto de encuentro<\/h3>\n<h2>Casa de T\u00e9, Calle \u00c1msterdam (Condesa).<\/h2>\n<h3>Accesibilidad<\/h3>\n<h2>No es accesible para personas con movilidad reducida.<\/h2>\n<h3>Sostenibilidad<\/h3>\n<h2>Todos los servicios cumplen con nuestra pol\u00edtica de sostenibilidad.<\/h2>\n<h3>Qu\u00e9 llevar<\/h3>\n<ul>\n<li>\n<h2>Calzado c\u00f3modo para caminar.<\/h2>\n<\/li>\n<li>\n<h2>Ropa ligera y fresca.<\/h2>\n<\/li>\n<li>\n<h2>Identificaci\u00f3n oficial.<\/h2>\n<\/li>\n<\/ul>\n<h3>Precio<\/h3>\n<h2>120 USD por persona.<\/h2>\n<div class=\"fusion-separator fusion-full-width-sep\" style=\"align-self: center;margin-left: auto;margin-right: auto;margin-top:50px;width:100%;\"><\/div>\n<div style=\"text-align:left;\"><a class=\"fusion-button button-flat fusion-button-default-size button-custom fusion-button-default button-2 fusion-button-default-span fusion-button-default-type\" style=\"--button_accent_color:var(--awb-color1);--button_accent_hover_color:var(--awb-color1);--button_border_hover_color:var(--awb-color1);--button_gradient_top_color:#de9f22;--button_gradient_bottom_color:#de9f22;--button_gradient_top_color_hover:#de9f22;--button_gradient_bottom_color_hover:#de9f22;\" target=\"_self\" href=\"https:\/\/nomadus.travel\/contacto\"><span class=\"fusion-button-text\">Cotizar mi pr\u00f3ximo viaje<\/span><\/a><\/div>\n<div class=\"fusion-separator fusion-full-width-sep\" style=\"align-self: center;margin-left: auto;margin-right: auto;margin-top:30px;width:100%;\"><\/div>\n<\/div><\/div><\/div><\/div><\/div><\/div><\/div><\/div><\/div><\/p>\n","protected":false},"excerpt":{"rendered":"","protected":false},"author":1,"featured_media":0,"parent":0,"menu_order":0,"comment_status":"closed","ping_status":"closed","template":"100-width.php","meta":{"footnotes":""},"class_list":["post-298","page","type-page","status-publish","hentry"],"_links":{"self":[{"href":"https:\/\/nomadus.travel\/en\/wp-json\/wp\/v2\/pages\/298","targetHints":{"allow":["GET"]}}],"collection":[{"href":"https:\/\/nomadus.travel\/en\/wp-json\/wp\/v2\/pages"}],"about":[{"href":"https:\/\/nomadus.travel\/en\/wp-json\/wp\/v2\/types\/page"}],"author":[{"embeddable":true,"href":"https:\/\/nomadus.travel\/en\/wp-json\/wp\/v2\/users\/1"}],"replies":[{"embeddable":true,"href":"https:\/\/nomadus.travel\/en\/wp-json\/wp\/v2\/comments?post=298"}],"version-history":[{"count":2,"href":"https:\/\/nomadus.travel\/en\/wp-json\/wp\/v2\/pages\/298\/revisions"}],"predecessor-version":[{"id":300,"href":"https:\/\/nomadus.travel\/en\/wp-json\/wp\/v2\/pages\/298\/revisions\/300"}],"wp:attachment":[{"href":"https:\/\/nomadus.travel\/en\/wp-json\/wp\/v2\/media?parent=298"}],"curies":[{"name":"wp","href":"https:\/\/api.w.org\/{rel}","templated":true}]}}